{"id":82902,"date":"2020-01-14T11:59:00","date_gmt":"2020-01-14T10:59:00","guid":{"rendered":"https:\/\/general-dufour.ch\/?page_id=82902"},"modified":"2022-07-06T20:10:13","modified_gmt":"2022-07-06T19:10:13","slug":"pta-pfadi-trotz-allem","status":"publish","type":"page","link":"https:\/\/general-dufour.ch\/?page_id=82902","title":{"rendered":"PTA (Pfadi Trotz Allem)"},"content":{"rendered":"<div class=\"wpb-content-wrapper\"><p>[vc_row unlock_row_content=&#8220;yes&#8220; row_height_percent=&#8220;50&#8243; override_padding=&#8220;yes&#8220; h_padding=&#8220;0&#8243; top_padding=&#8220;0&#8243; bottom_padding=&#8220;0&#8243; back_color=&#8220;color-143410&#8243; overlay_alpha=&#8220;50&#8243; equal_height=&#8220;yes&#8220; gutter_size=&#8220;0&#8243; column_width_percent=&#8220;100&#8243; shift_y=&#8220;0&#8243; z_index=&#8220;0&#8243; inverted_device_order=&#8220;yes&#8220; row_name=&#8220;Was&#8220;][vc_column column_width_percent=&#8220;100&#8243; gutter_size=&#8220;2&#8243; override_padding=&#8220;yes&#8220; column_padding=&#8220;5&#8243; overlay_alpha=&#8220;50&#8243; shift_x=&#8220;0&#8243; shift_y=&#8220;0&#8243; shift_y_down=&#8220;0&#8243; z_index=&#8220;0&#8243; medium_width=&#8220;0&#8243; mobile_width=&#8220;0&#8243; width=&#8220;1\/2&#8243;][vc_custom_heading]<span class=\"TextRun SCXW171620634 BCX0\" lang=\"DE-CH\" xml:lang=\"DE-CH\" data-contrast=\"auto\"><span class=\"NormalTextRun SCXW171620634 BCX0\">Was ist PTA<\/span><\/span><span class=\"EOP SCXW171620634 BCX0\" data-ccp-props=\"{&quot;201341983&quot;:0,&quot;335559740&quot;:360}\">?<\/span>[\/vc_custom_heading][vc_column_text]<span data-contrast=\"auto\">Die PTA gestaltet Pfadi f\u00fcr Kinder und Jugendliche mit geistigen, k\u00f6rperlichen oder mehrfachen Beeintr\u00e4chtigungen. Wir treffen uns alle drei Wochen am Samstagnachmittag und leben die Pfadi, wie alle anderen Stufen.<\/span><span data-contrast=\"auto\">\u00a0<\/span><span data-contrast=\"auto\">Das Programm basiert auf den Grundlagen der\u00a0Pfadibewegung\u00a0Schweiz und wird individuell den Bed\u00fcrfnissen der Teilnehmenden angepasst.<\/span><span data-ccp-props=\"{&quot;201341983&quot;:0,&quot;335559740&quot;:360}\">\u00a0<\/span>[\/vc_column_text][\/vc_column][vc_column column_width_percent=&#8220;100&#8243; gutter_size=&#8220;3&#8243; back_image=&#8220;82957&#8243; overlay_alpha=&#8220;0&#8243; shift_x=&#8220;0&#8243; shift_y=&#8220;0&#8243; shift_y_down=&#8220;0&#8243; z_index=&#8220;0&#8243; medium_width=&#8220;0&#8243; mobile_width=&#8220;0&#8243; width=&#8220;1\/2&#8243; mobile_height=&#8220;300&#8243;][\/vc_column][\/vc_row][vc_row unlock_row_content=&#8220;yes&#8220; row_height_percent=&#8220;50&#8243; override_padding=&#8220;yes&#8220; h_padding=&#8220;0&#8243; top_padding=&#8220;0&#8243; bottom_padding=&#8220;0&#8243; back_color=&#8220;color-143410&#8243; overlay_alpha=&#8220;50&#8243; equal_height=&#8220;yes&#8220; gutter_size=&#8220;0&#8243; column_width_percent=&#8220;100&#8243; shift_y=&#8220;0&#8243; z_index=&#8220;0&#8243;][vc_column column_width_percent=&#8220;100&#8243; gutter_size=&#8220;3&#8243; back_image=&#8220;82959&#8243; overlay_alpha=&#8220;0&#8243; shift_x=&#8220;0&#8243; shift_y=&#8220;0&#8243; shift_y_down=&#8220;0&#8243; z_index=&#8220;0&#8243; medium_width=&#8220;0&#8243; mobile_width=&#8220;0&#8243; width=&#8220;1\/2&#8243; mobile_height=&#8220;300&#8243;][\/vc_column][vc_column column_width_percent=&#8220;100&#8243; gutter_size=&#8220;2&#8243; override_padding=&#8220;yes&#8220; column_padding=&#8220;5&#8243; overlay_alpha=&#8220;50&#8243; shift_x=&#8220;0&#8243; shift_y=&#8220;0&#8243; shift_y_down=&#8220;0&#8243; z_index=&#8220;0&#8243; medium_width=&#8220;0&#8243; mobile_width=&#8220;0&#8243; width=&#8220;1\/2&#8243;][vc_custom_heading]<span class=\"TextRun SCXW121351176 BCX0\" lang=\"DE-CH\" xml:lang=\"DE-CH\" data-contrast=\"auto\"><span class=\"NormalTextRun SCXW121351176 BCX0\">Was sind die Ziele<\/span><\/span><span class=\"TextRun SCXW121351176 BCX0\" lang=\"DE-CH\" xml:lang=\"DE-CH\" data-contrast=\"auto\"><span class=\"NormalTextRun SCXW121351176 BCX0\">?<\/span><\/span><span class=\"EOP SCXW121351176 BCX0\" data-ccp-props=\"{&quot;201341983&quot;:0,&quot;335559740&quot;:360}\">\u00a0<\/span>[\/vc_custom_heading][vc_column_text]<span data-contrast=\"auto\">Wir m\u00f6chten mit den PTA Kindern und Jugendlichen\u00a0<\/span><span data-contrast=\"auto\">in\u00a0<\/span><span data-contrast=\"auto\">ihrer Freizeit einen Rahmen bieten, in dem <\/span><span data-contrast=\"auto\">sie\u00a0 sich<\/span><span data-contrast=\"auto\">\u00a0ganzheitlich entfalten k\u00f6nnen.\u00a0 Die PTA soll die M\u00f6glichkeit bieten, Kontakte und Freundschaften mit jungen Menschen mit oder ohne Beeintr\u00e4chtigung zu kn\u00fcpfen.\u00a0<\/span><span data-ccp-props=\"{&quot;201341983&quot;:0,&quot;335559740&quot;:360}\">\u00a0<\/span><\/p>\n<p><span data-contrast=\"auto\">In der PTA <\/span><span data-contrast=\"auto\">wird\u00a0<\/span><span data-contrast=\"auto\">der\u00a0<\/span><span data-contrast=\"auto\">Pfadigedanke<\/span><span data-contrast=\"auto\">\u00a0gelebt. Dazu geh\u00f6rt das hautnahe Erleben der Natur, das Zusammenleben in der Gruppe und das Kennenlernen der eigenen Grenzen, aber auch F\u00e4higkeiten und Chancen. D<\/span><span data-contrast=\"auto\">ie\u00a0<\/span><span data-contrast=\"auto\">Kind<\/span><span data-contrast=\"auto\">er\u00a0<\/span><span data-contrast=\"auto\">und<\/span><span data-contrast=\"auto\">\u00a0Jugendliche<\/span><span data-contrast=\"auto\">n<\/span><span data-contrast=\"auto\">\u00a0soll<\/span><span data-contrast=\"auto\">en<\/span><span data-contrast=\"auto\">\u00a0in der Pfadi mitmachen k\u00f6nnen und sich dabei wohl f\u00fchlen.\u00a0\u00a0<\/span><span data-ccp-props=\"{&quot;201341983&quot;:0,&quot;335559740&quot;:360}\">\u00a0<\/span>[\/vc_column_text][\/vc_column][\/vc_row][vc_row unlock_row_content=&#8220;yes&#8220; row_height_percent=&#8220;50&#8243; override_padding=&#8220;yes&#8220; h_padding=&#8220;0&#8243; top_padding=&#8220;0&#8243; bottom_padding=&#8220;0&#8243; back_color=&#8220;color-143410&#8243; overlay_alpha=&#8220;50&#8243; equal_height=&#8220;yes&#8220; gutter_size=&#8220;0&#8243; column_width_percent=&#8220;100&#8243; shift_y=&#8220;0&#8243; z_index=&#8220;0&#8243; inverted_device_order=&#8220;yes&#8220;][vc_column column_width_percent=&#8220;100&#8243; gutter_size=&#8220;2&#8243; override_padding=&#8220;yes&#8220; column_padding=&#8220;5&#8243; overlay_alpha=&#8220;50&#8243; shift_x=&#8220;0&#8243; shift_y=&#8220;0&#8243; shift_y_down=&#8220;0&#8243; z_index=&#8220;0&#8243; medium_width=&#8220;0&#8243; mobile_width=&#8220;0&#8243; width=&#8220;1\/2&#8243;][vc_custom_heading]<\/p>\n<h2>Unsere Gruppe &amp; Leitende<\/h2>\n<p>[\/vc_custom_heading][vc_column_text]<b><span data-contrast=\"auto\">Wie oft findet die PTA statt?<\/span><\/b><span data-ccp-props=\"{&quot;201341983&quot;:0,&quot;335559740&quot;:360}\"><br \/>\n<\/span><span data-contrast=\"auto\">Wir treffen uns alle drei Wochen am Samstag<\/span><span data-contrast=\"auto\">n<\/span><span data-contrast=\"auto\">achmittag\u00a0<\/span><span data-contrast=\"auto\">f\u00fcr<\/span><span data-contrast=\"auto\">\u00a0<\/span><span data-contrast=\"auto\">2<\/span><span data-contrast=\"auto\">,5 Stunden. Die Daten werden jeweils f\u00fcr ein halbes Jahr geplant und im Voraus\u00a0<\/span><span data-contrast=\"auto\">mitgeteilt.<\/span><span data-ccp-props=\"{&quot;201341983&quot;:0,&quot;335559740&quot;:360}\">\u00a0<\/span><\/p>\n<p><b><span data-contrast=\"auto\">Wer leitet die PTA<\/span><\/b><b><span data-contrast=\"auto\">?<\/span><\/b><span data-ccp-props=\"{&quot;201341983&quot;:0,&quot;335559740&quot;:360}\"><br \/>\n<\/span><span data-contrast=\"auto\">Unser PTA Leitungsteam besteht aus f\u00fcnf motivierten und erfahrenen Leite<\/span><span data-contrast=\"auto\">nden<\/span><span data-contrast=\"auto\"> zwischen 22 und 25 Jahren, welche Freude haben, in ihrer Freizeit die Pfadi f\u00fcr Kinder mit einer Beeintr\u00e4chtigung zug\u00e4nglich zu machen und die Erlebnisse aus ihrer eigene<\/span><span data-contrast=\"auto\">n\u00a0<\/span><span data-contrast=\"auto\">Pfadizeit<\/span><span data-contrast=\"auto\"> weiterzugeben. Die Leitenden haben keine heilp\u00e4dagogische Ausbildung. <\/span><span data-contrast=\"auto\">Der Kontakt zu den Eltern ist uns PTA-Leite<\/span><span data-contrast=\"auto\">nden<\/span><span data-contrast=\"auto\">\u00a0sehr wichtig. Beim Bringen und Abholen des Kindes k\u00f6nnen wir gemeinsam \u00fcber das Erlebte sprechen und allf\u00e4llige Fragen kl\u00e4ren.\u00a0\u00a0\u00a0<\/span><span data-ccp-props=\"{&quot;201341983&quot;:0,&quot;335559740&quot;:360}\">\u00a0<\/span><\/p>\n<p><b><span data-contrast=\"auto\">Wie gross ist die Gruppe?<\/span><\/b><span data-ccp-props=\"{&quot;201341983&quot;:0,&quot;335559740&quot;:360}\"><br \/>\n<\/span><span data-contrast=\"auto\">Unsere PTA Gruppe besteht momentan aus 12Teilnehme<\/span><span data-contrast=\"auto\">nden<\/span><span data-contrast=\"auto\">, welche von\u00a0<\/span><span data-contrast=\"auto\">jew<\/span><span data-contrast=\"auto\">e<\/span><span data-contrast=\"auto\">ils f\u00fcnf <\/span><span data-contrast=\"auto\">Leitenden\u00a0<\/span><span data-contrast=\"auto\">begleitet werden.<\/span><span data-ccp-props=\"{&quot;201341983&quot;:0,&quot;335559740&quot;:360}\">\u00a0<\/span>[\/vc_column_text][\/vc_column][vc_column column_width_percent=&#8220;100&#8243; gutter_size=&#8220;3&#8243; back_image=&#8220;82960&#8243; overlay_alpha=&#8220;0&#8243; shift_x=&#8220;0&#8243; shift_y=&#8220;0&#8243; shift_y_down=&#8220;0&#8243; z_index=&#8220;0&#8243; medium_width=&#8220;0&#8243; mobile_width=&#8220;0&#8243; width=&#8220;1\/2&#8243; mobile_height=&#8220;300&#8243;][\/vc_column][\/vc_row][vc_row unlock_row_content=&#8220;yes&#8220; row_height_percent=&#8220;50&#8243; override_padding=&#8220;yes&#8220; h_padding=&#8220;0&#8243; top_padding=&#8220;0&#8243; bottom_padding=&#8220;0&#8243; back_color=&#8220;color-143410&#8243; overlay_alpha=&#8220;50&#8243; equal_height=&#8220;yes&#8220; gutter_size=&#8220;0&#8243; column_width_percent=&#8220;100&#8243; shift_y=&#8220;0&#8243; z_index=&#8220;0&#8243; row_custom_slug_check=&#8220;yes&#8220; row_custom_slug=&#8220;Ausbildung&#8220;][vc_column column_width_percent=&#8220;100&#8243; gutter_size=&#8220;3&#8243; back_image=&#8220;82961&#8243; overlay_alpha=&#8220;0&#8243; shift_x=&#8220;0&#8243; shift_y=&#8220;0&#8243; shift_y_down=&#8220;0&#8243; z_index=&#8220;0&#8243; medium_width=&#8220;0&#8243; mobile_width=&#8220;0&#8243; width=&#8220;1\/2&#8243; mobile_height=&#8220;300&#8243;][\/vc_column][vc_column column_width_percent=&#8220;100&#8243; gutter_size=&#8220;2&#8243; override_padding=&#8220;yes&#8220; column_padding=&#8220;5&#8243; overlay_alpha=&#8220;50&#8243; shift_x=&#8220;0&#8243; shift_y=&#8220;0&#8243; shift_y_down=&#8220;0&#8243; z_index=&#8220;0&#8243; medium_width=&#8220;0&#8243; mobile_width=&#8220;0&#8243; width=&#8220;1\/2&#8243;][vc_custom_heading]Mach Mit![\/vc_custom_heading][vc_column_text]<b><span data-contrast=\"auto\">Welche Voraussetzungen m\u00fcssen mitgebracht werden?<\/span><\/b><span data-ccp-props=\"{&quot;201341983&quot;:0,&quot;335559740&quot;:360}\"><br \/>\n<\/span><span data-contrast=\"auto\">Freude an\u00a0<\/span><span data-contrast=\"auto\">der\u00a0<\/span><span data-contrast=\"auto\">Natur und\u00a0<\/span><span data-contrast=\"auto\">der <\/span><span data-contrast=\"auto\">Gemeinschaft;<\/span><span data-contrast=\"auto\">\u00a0e<\/span><span data-contrast=\"auto\">s gibt keine definierten k\u00f6rperlichen oder geistigen Voraussetzungen.\u00a0 Am besten lernen wir uns an einem\u00a0<\/span><span data-contrast=\"auto\">Schnuppernachmittag<\/span><span data-contrast=\"auto\">\u00a0<\/span><span data-contrast=\"auto\">kennen<\/span><span data-contrast=\"auto\">.<\/span><span data-ccp-props=\"{&quot;201341983&quot;:0,&quot;335559740&quot;:360}\">\u00a0<\/span><\/p>\n<p><b><span data-contrast=\"auto\">Was kostet die PTA?<\/span><\/b><span data-ccp-props=\"{&quot;201341983&quot;:0,&quot;335559740&quot;:360}\"><br \/>\n<\/span><span data-contrast=\"auto\">Die PTA-Teilnehmenden bezahlen d<\/span><span data-contrast=\"auto\">enselben Vereinsbeitrag\u00a0<\/span><span data-contrast=\"auto\">wie<\/span><span data-contrast=\"auto\">\u00a0 alle<\/span><span data-contrast=\"auto\">\u00a0anderen\u00a0<\/span><span data-contrast=\"auto\">Teilnehmenden. Der Jahresbeitrag\u00a0<\/span><span data-contrast=\"auto\">bel\u00e4uft sich auf 94 Franken.<\/span><span data-ccp-props=\"{&quot;201341983&quot;:0,&quot;335551550&quot;:1,&quot;335551620&quot;:1,&quot;335559740&quot;:360}\">\u00a0<\/span><\/p>\n<p><b><span data-contrast=\"auto\">Wie kann ich bei der PTA teilnehmen?<\/span><\/b><span data-ccp-props=\"{&quot;201341983&quot;:0,&quot;335559740&quot;:360}\"><br \/>\n<\/span><span data-contrast=\"auto\">Durch ein Mail an die PTA-Verantwortliche Pepita kann Kontakt aufgenommen und gemeinsam ein Schnuppertermin vereinbart werden.<\/span><\/p>\n<p><span class=\"TextRun SCXW2958424 BCX0\" lang=\"DE-CH\" xml:lang=\"DE-CH\" data-contrast=\"auto\"><span class=\"NormalTextRun SCXW2958424 BCX0\">Bei weiteren\u00a0<\/span><\/span><span class=\"TextRun SCXW2958424 BCX0\" lang=\"DE-CH\" xml:lang=\"DE-CH\" data-contrast=\"auto\"><span class=\"ContextualSpellingAndGrammarError SCXW2958424 BCX0\">Fragen steht<\/span><\/span><span class=\"TextRun SCXW2958424 BCX0\" lang=\"DE-CH\" xml:lang=\"DE-CH\" data-contrast=\"auto\"><span class=\"NormalTextRun SCXW2958424 BCX0\"> Pepita unter der Mailadresse <\/span><\/span><a class=\"Hyperlink SCXW2958424 BCX0\" href=\"mailto:pepita@general-dufour.ch\" target=\"_blank\" rel=\"noopener noreferrer\"><span class=\"TextRun Underlined SCXW2958424 BCX0\" lang=\"DE-CH\" xml:lang=\"DE-CH\" data-contrast=\"none\"><span class=\"NormalTextRun SCXW2958424 BCX0\">pepita@general-dufour.ch<\/span><\/span><\/a><span class=\"TextRun SCXW2958424 BCX0\" lang=\"DE-CH\" xml:lang=\"DE-CH\" data-contrast=\"auto\"><span class=\"NormalTextRun SCXW2958424 BCX0\">\u00a0<\/span><\/span><span class=\"TextRun SCXW2958424 BCX0\" lang=\"DE-CH\" xml:lang=\"DE-CH\" data-contrast=\"auto\"><span class=\"NormalTextRun SCXW2958424 BCX0\">\u00a0gerne zur\u00a0<\/span><\/span><span class=\"TextRun SCXW2958424 BCX0\" lang=\"DE-CH\" xml:lang=\"DE-CH\" data-contrast=\"auto\"><span class=\"NormalTextRun SCXW2958424 BCX0\">Verf\u00fcgung<\/span><\/span><span class=\"EOP SCXW2958424 BCX0\" data-ccp-props=\"{&quot;201341983&quot;:0,&quot;335559740&quot;:360}\">\u00a0<\/span>[\/vc_column_text][\/vc_column][\/vc_row]<\/p>\n<\/div>","protected":false},"excerpt":{"rendered":"<p>[vc_row unlock_row_content=&#8220;yes&#8220; row_height_percent=&#8220;50&#8243; override_padding=&#8220;yes&#8220; h_padding=&#8220;0&#8243; top_padding=&#8220;0&#8243; bottom_padding=&#8220;0&#8243; back_color=&#8220;color-143410&#8243; overlay_alpha=&#8220;50&#8243; equal_height=&#8220;yes&#8220; gutter_size=&#8220;0&#8243; column_width_percent=&#8220;100&#8243; shift_y=&#8220;0&#8243; z_index=&#8220;0&#8243; inverted_device_order=&#8220;yes&#8220; row_name=&#8220;Was&#8220;][vc_column column_width_percent=&#8220;100&#8243; gutter_size=&#8220;2&#8243; override_padding=&#8220;yes&#8220; column_padding=&#8220;5&#8243; [&hellip;]<\/p>\n","protected":false},"author":6,"featured_media":78585,"parent":43938,"menu_order":0,"comment_status":"closed","ping_status":"closed","template":"","meta":{"footnotes":""},"class_list":["post-82902","page","type-page","status-publish","has-post-thumbnail","hentry","page_category-classic"],"yoast_head":"<!-- This site is optimized with the Yoast SEO plugin v26.3 - https:\/\/yoast.com\/wordpress\/plugins\/seo\/ -->\n<title>PTA (Pfadi Trotz Allem) | http Pfadi General Dufour RJ<\/title>\n<meta name=\"description\" content=\"die Pfadi Trotz Allem ((PTA) macht Pfad f\u00fcr Kindern mit k\u00f6rperlicher und geistiger Behinderung . Jeden 3. Samstag, kompetent betreut. Komm schnuppern!\" \/>\n<meta name=\"robots\" content=\"index, follow, max-snippet:-1, max-image-preview:large, max-video-preview:-1\" \/>\n<link rel=\"canonical\" href=\"https:\/\/general-dufour.ch\/?page_id=82902\" \/>\n<meta property=\"og:locale\" content=\"de_DE\" \/>\n<meta property=\"og:type\" content=\"article\" \/>\n<meta property=\"og:title\" content=\"PTA (Pfadi Trotz Allem) | http Pfadi General Dufour RJ\" \/>\n<meta property=\"og:description\" content=\"die Pfadi Trotz Allem ((PTA) macht Pfad f\u00fcr Kindern mit k\u00f6rperlicher und geistiger Behinderung . Jeden 3. Samstag, kompetent betreut. Komm schnuppern!\" \/>\n<meta property=\"og:url\" content=\"https:\/\/general-dufour.ch\/?page_id=82902\" \/>\n<meta property=\"og:site_name\" content=\"http Pfadi General Dufour RJ\" \/>\n<meta property=\"article:publisher\" content=\"https:\/\/www.facebook.com\/general.dufour\/?ref=aymt_homepage_panel&amp;amp%3bamp%3bamp%3bamp%3bamp%3bamp%3bamp%3bamp%3bamp%3bamp%3bamp%3bamp%3beid=ARB-WwqDYthM8sAmsyTX3BEy0ozF-k7wZt4qTAvz7la_joMe0lJIdsAjV9kmQ_YP6f4LEb4u6qEp4RX5\" \/>\n<meta property=\"article:modified_time\" content=\"2022-07-06T19:10:13+00:00\" \/>\n<meta property=\"og:image\" content=\"https:\/\/general-dufour.ch\/wp-content\/uploads\/2019\/10\/HP-Classic-Agency-Uncode-min.jpg\" \/>\n\t<meta property=\"og:image:width\" content=\"1600\" \/>\n\t<meta property=\"og:image:height\" content=\"1067\" \/>\n\t<meta property=\"og:image:type\" content=\"image\/jpeg\" \/>\n<meta name=\"twitter:card\" content=\"summary_large_image\" \/>\n<meta name=\"twitter:label1\" content=\"Gesch\u00e4tzte Lesezeit\" \/>\n\t<meta name=\"twitter:data1\" content=\"4\u00a0Minuten\" \/>\n<script type=\"application\/ld+json\" class=\"yoast-schema-graph\">{\"@context\":\"https:\/\/schema.org\",\"@graph\":[{\"@type\":\"WebPage\",\"@id\":\"https:\/\/general-dufour.ch\/?page_id=82902\",\"url\":\"https:\/\/general-dufour.ch\/?page_id=82902\",\"name\":\"PTA (Pfadi Trotz Allem) | http Pfadi General Dufour RJ\",\"isPartOf\":{\"@id\":\"https:\/\/general-dufour.ch\/#website\"},\"primaryImageOfPage\":{\"@id\":\"https:\/\/general-dufour.ch\/?page_id=82902#primaryimage\"},\"image\":{\"@id\":\"https:\/\/general-dufour.ch\/?page_id=82902#primaryimage\"},\"thumbnailUrl\":\"https:\/\/general-dufour.ch\/wp-content\/uploads\/2019\/10\/HP-Classic-Agency-Uncode-min.jpg\",\"datePublished\":\"2020-01-14T10:59:00+00:00\",\"dateModified\":\"2022-07-06T19:10:13+00:00\",\"description\":\"die Pfadi Trotz Allem ((PTA) macht Pfad f\u00fcr Kindern mit k\u00f6rperlicher und geistiger Behinderung . Jeden 3. Samstag, kompetent betreut. Komm schnuppern!\",\"breadcrumb\":{\"@id\":\"https:\/\/general-dufour.ch\/?page_id=82902#breadcrumb\"},\"inLanguage\":\"de\",\"potentialAction\":[{\"@type\":\"ReadAction\",\"target\":[\"https:\/\/general-dufour.ch\/?page_id=82902\"]}]},{\"@type\":\"ImageObject\",\"inLanguage\":\"de\",\"@id\":\"https:\/\/general-dufour.ch\/?page_id=82902#primaryimage\",\"url\":\"https:\/\/general-dufour.ch\/wp-content\/uploads\/2019\/10\/HP-Classic-Agency-Uncode-min.jpg\",\"contentUrl\":\"https:\/\/general-dufour.ch\/wp-content\/uploads\/2019\/10\/HP-Classic-Agency-Uncode-min.jpg\",\"width\":1600,\"height\":1067,\"caption\":\"Classic Agency\"},{\"@type\":\"BreadcrumbList\",\"@id\":\"https:\/\/general-dufour.ch\/?page_id=82902#breadcrumb\",\"itemListElement\":[{\"@type\":\"ListItem\",\"position\":1,\"name\":\"Startseite\",\"item\":\"https:\/\/general-dufour.ch\/\"},{\"@type\":\"ListItem\",\"position\":2,\"name\":\"Homepages\",\"item\":\"https:\/\/general-dufour.ch\/?page_id=43938\"},{\"@type\":\"ListItem\",\"position\":3,\"name\":\"PTA (Pfadi Trotz Allem)\"}]},{\"@type\":\"WebSite\",\"@id\":\"https:\/\/general-dufour.ch\/#website\",\"url\":\"https:\/\/general-dufour.ch\/\",\"name\":\"Pfadi General Dufour RJ\",\"description\":\"Pfadi Rapperswil Jona\",\"publisher\":{\"@id\":\"https:\/\/general-dufour.ch\/#organization\"},\"potentialAction\":[{\"@type\":\"SearchAction\",\"target\":{\"@type\":\"EntryPoint\",\"urlTemplate\":\"https:\/\/general-dufour.ch\/?s={search_term_string}\"},\"query-input\":{\"@type\":\"PropertyValueSpecification\",\"valueRequired\":true,\"valueName\":\"search_term_string\"}}],\"inLanguage\":\"de\"},{\"@type\":\"Organization\",\"@id\":\"https:\/\/general-dufour.ch\/#organization\",\"name\":\"Pfadi General Dufour\",\"url\":\"https:\/\/general-dufour.ch\/\",\"logo\":{\"@type\":\"ImageObject\",\"inLanguage\":\"de\",\"@id\":\"https:\/\/general-dufour.ch\/#\/schema\/logo\/image\/\",\"url\":\"https:\/\/general-dufour.ch\/wp-content\/uploads\/2020\/02\/logo_black.png\",\"contentUrl\":\"https:\/\/general-dufour.ch\/wp-content\/uploads\/2020\/02\/logo_black.png\",\"width\":500,\"height\":502,\"caption\":\"Pfadi General Dufour\"},\"image\":{\"@id\":\"https:\/\/general-dufour.ch\/#\/schema\/logo\/image\/\"},\"sameAs\":[\"https:\/\/www.facebook.com\/general.dufour\/?ref=aymt_homepage_panel&amp;amp;amp;amp;amp;amp;amp;amp;amp;amp;amp;amp;eid=ARB-WwqDYthM8sAmsyTX3BEy0ozF-k7wZt4qTAvz7la_joMe0lJIdsAjV9kmQ_YP6f4LEb4u6qEp4RX5\",\"https:\/\/www.instagram.com\/pfadigeneraldufour\/\",\"https:\/\/www.youtube.com\/channel\/UCwKD56wvOZoiaK6t5NzEBRQ\"]}]}<\/script>\n<!-- \/ Yoast SEO plugin. -->","yoast_head_json":{"title":"PTA (Pfadi Trotz Allem) | http Pfadi General Dufour RJ","description":"die Pfadi Trotz Allem ((PTA) macht Pfad f\u00fcr Kindern mit k\u00f6rperlicher und geistiger Behinderung . Jeden 3. Samstag, kompetent betreut. Komm schnuppern!","robots":{"index":"index","follow":"follow","max-snippet":"max-snippet:-1","max-image-preview":"max-image-preview:large","max-video-preview":"max-video-preview:-1"},"canonical":"https:\/\/general-dufour.ch\/?page_id=82902","og_locale":"de_DE","og_type":"article","og_title":"PTA (Pfadi Trotz Allem) | http Pfadi General Dufour RJ","og_description":"die Pfadi Trotz Allem ((PTA) macht Pfad f\u00fcr Kindern mit k\u00f6rperlicher und geistiger Behinderung . Jeden 3. Samstag, kompetent betreut. Komm schnuppern!","og_url":"https:\/\/general-dufour.ch\/?page_id=82902","og_site_name":"http Pfadi General Dufour RJ","article_publisher":"https:\/\/www.facebook.com\/general.dufour\/?ref=aymt_homepage_panel&amp%3bamp%3bamp%3bamp%3bamp%3bamp%3bamp%3bamp%3bamp%3bamp%3bamp%3bamp%3beid=ARB-WwqDYthM8sAmsyTX3BEy0ozF-k7wZt4qTAvz7la_joMe0lJIdsAjV9kmQ_YP6f4LEb4u6qEp4RX5","article_modified_time":"2022-07-06T19:10:13+00:00","og_image":[{"width":1600,"height":1067,"url":"https:\/\/general-dufour.ch\/wp-content\/uploads\/2019\/10\/HP-Classic-Agency-Uncode-min.jpg","type":"image\/jpeg"}],"twitter_card":"summary_large_image","twitter_misc":{"Gesch\u00e4tzte Lesezeit":"4\u00a0Minuten"},"schema":{"@context":"https:\/\/schema.org","@graph":[{"@type":"WebPage","@id":"https:\/\/general-dufour.ch\/?page_id=82902","url":"https:\/\/general-dufour.ch\/?page_id=82902","name":"PTA (Pfadi Trotz Allem) | http Pfadi General Dufour RJ","isPartOf":{"@id":"https:\/\/general-dufour.ch\/#website"},"primaryImageOfPage":{"@id":"https:\/\/general-dufour.ch\/?page_id=82902#primaryimage"},"image":{"@id":"https:\/\/general-dufour.ch\/?page_id=82902#primaryimage"},"thumbnailUrl":"https:\/\/general-dufour.ch\/wp-content\/uploads\/2019\/10\/HP-Classic-Agency-Uncode-min.jpg","datePublished":"2020-01-14T10:59:00+00:00","dateModified":"2022-07-06T19:10:13+00:00","description":"die Pfadi Trotz Allem ((PTA) macht Pfad f\u00fcr Kindern mit k\u00f6rperlicher und geistiger Behinderung . Jeden 3. Samstag, kompetent betreut. Komm schnuppern!","breadcrumb":{"@id":"https:\/\/general-dufour.ch\/?page_id=82902#breadcrumb"},"inLanguage":"de","potentialAction":[{"@type":"ReadAction","target":["https:\/\/general-dufour.ch\/?page_id=82902"]}]},{"@type":"ImageObject","inLanguage":"de","@id":"https:\/\/general-dufour.ch\/?page_id=82902#primaryimage","url":"https:\/\/general-dufour.ch\/wp-content\/uploads\/2019\/10\/HP-Classic-Agency-Uncode-min.jpg","contentUrl":"https:\/\/general-dufour.ch\/wp-content\/uploads\/2019\/10\/HP-Classic-Agency-Uncode-min.jpg","width":1600,"height":1067,"caption":"Classic Agency"},{"@type":"BreadcrumbList","@id":"https:\/\/general-dufour.ch\/?page_id=82902#breadcrumb","itemListElement":[{"@type":"ListItem","position":1,"name":"Startseite","item":"https:\/\/general-dufour.ch\/"},{"@type":"ListItem","position":2,"name":"Homepages","item":"https:\/\/general-dufour.ch\/?page_id=43938"},{"@type":"ListItem","position":3,"name":"PTA (Pfadi Trotz Allem)"}]},{"@type":"WebSite","@id":"https:\/\/general-dufour.ch\/#website","url":"https:\/\/general-dufour.ch\/","name":"Pfadi General Dufour RJ","description":"Pfadi Rapperswil Jona","publisher":{"@id":"https:\/\/general-dufour.ch\/#organization"},"potentialAction":[{"@type":"SearchAction","target":{"@type":"EntryPoint","urlTemplate":"https:\/\/general-dufour.ch\/?s={search_term_string}"},"query-input":{"@type":"PropertyValueSpecification","valueRequired":true,"valueName":"search_term_string"}}],"inLanguage":"de"},{"@type":"Organization","@id":"https:\/\/general-dufour.ch\/#organization","name":"Pfadi General Dufour","url":"https:\/\/general-dufour.ch\/","logo":{"@type":"ImageObject","inLanguage":"de","@id":"https:\/\/general-dufour.ch\/#\/schema\/logo\/image\/","url":"https:\/\/general-dufour.ch\/wp-content\/uploads\/2020\/02\/logo_black.png","contentUrl":"https:\/\/general-dufour.ch\/wp-content\/uploads\/2020\/02\/logo_black.png","width":500,"height":502,"caption":"Pfadi General Dufour"},"image":{"@id":"https:\/\/general-dufour.ch\/#\/schema\/logo\/image\/"},"sameAs":["https:\/\/www.facebook.com\/general.dufour\/?ref=aymt_homepage_panel&amp;amp;amp;amp;amp;amp;amp;amp;amp;amp;amp;amp;eid=ARB-WwqDYthM8sAmsyTX3BEy0ozF-k7wZt4qTAvz7la_joMe0lJIdsAjV9kmQ_YP6f4LEb4u6qEp4RX5","https:\/\/www.instagram.com\/pfadigeneraldufour\/","https:\/\/www.youtube.com\/channel\/UCwKD56wvOZoiaK6t5NzEBRQ"]}]}},"_links":{"self":[{"href":"https:\/\/general-dufour.ch\/index.php?rest_route=\/wp\/v2\/pages\/82902","targetHints":{"allow":["GET"]}}],"collection":[{"href":"https:\/\/general-dufour.ch\/index.php?rest_route=\/wp\/v2\/pages"}],"about":[{"href":"https:\/\/general-dufour.ch\/index.php?rest_route=\/wp\/v2\/types\/page"}],"author":[{"embeddable":true,"href":"https:\/\/general-dufour.ch\/index.php?rest_route=\/wp\/v2\/users\/6"}],"replies":[{"embeddable":true,"href":"https:\/\/general-dufour.ch\/index.php?rest_route=%2Fwp%2Fv2%2Fcomments&post=82902"}],"version-history":[{"count":14,"href":"https:\/\/general-dufour.ch\/index.php?rest_route=\/wp\/v2\/pages\/82902\/revisions"}],"predecessor-version":[{"id":84166,"href":"https:\/\/general-dufour.ch\/index.php?rest_route=\/wp\/v2\/pages\/82902\/revisions\/84166"}],"up":[{"embeddable":true,"href":"https:\/\/general-dufour.ch\/index.php?rest_route=\/wp\/v2\/pages\/43938"}],"wp:featuredmedia":[{"embeddable":true,"href":"https:\/\/general-dufour.ch\/index.php?rest_route=\/wp\/v2\/media\/78585"}],"wp:attachment":[{"href":"https:\/\/general-dufour.ch\/index.php?rest_route=%2Fwp%2Fv2%2Fmedia&parent=82902"}],"curies":[{"name":"wp","href":"https:\/\/api.w.org\/{rel}","templated":true}]}}