{"id":83404,"date":"2020-01-20T13:54:42","date_gmt":"2020-01-20T12:54:42","guid":{"rendered":"https:\/\/general-dufour.ch\/?page_id=83404"},"modified":"2026-01-18T16:26:31","modified_gmt":"2026-01-18T15:26:31","slug":"etappenweekend-2020","status":"publish","type":"page","link":"https:\/\/general-dufour.ch\/?page_id=83404","title":{"rendered":"Etappenweekend 2026"},"content":{"rendered":"<div class=\"wpb-content-wrapper\"><p>[vc_row row_height_percent=&#8220;0&#8243; back_color=&#8220;accent&#8220; overlay_alpha=&#8220;50&#8243; gutter_size=&#8220;0&#8243; column_width_percent=&#8220;100&#8243; shift_y=&#8220;0&#8243; z_index=&#8220;0&#8243;][vc_column column_width_percent=&#8220;100&#8243; align_horizontal=&#8220;align_center&#8220; gutter_size=&#8220;2&#8243; style=&#8220;dark&#8220; overlay_alpha=&#8220;50&#8243; shift_x=&#8220;0&#8243; shift_y=&#8220;0&#8243; shift_y_down=&#8220;0&#8243; z_index=&#8220;0&#8243; medium_width=&#8220;0&#8243; mobile_width=&#8220;0&#8243; width=&#8220;1\/1&#8243;][vc_custom_heading text_color=&#8220;color-xsdn&#8220; heading_semantic=&#8220;h3&#8243; text_size=&#8220;h3&#8243; uncode_shortcode_id=&#8220;614306&#8243; text_color_type=&#8220;uncode-palette&#8220;]Save the Date:\u00a0 27.\/29. M\u00e4rz[\/vc_custom_heading][\/vc_column][\/vc_row][vc_row row_height_percent=&#8220;0&#8243; override_padding=&#8220;yes&#8220; h_padding=&#8220;7&#8243; top_padding=&#8220;3&#8243; bottom_padding=&#8220;5&#8243; overlay_alpha=&#8220;0&#8243; gutter_size=&#8220;2&#8243; column_width_percent=&#8220;100&#8243; shift_y=&#8220;0&#8243; z_index=&#8220;0&#8243; style=&#8220;inherited&#8220;][vc_column column_width_percent=&#8220;100&#8243; position_horizontal=&#8220;left&#8220; gutter_size=&#8220;2&#8243; overlay_alpha=&#8220;100&#8243; shift_x=&#8220;0&#8243; shift_y=&#8220;0&#8243; shift_y_down=&#8220;0&#8243; z_index=&#8220;0&#8243; medium_width=&#8220;0&#8243; mobile_width=&#8220;0&#8243; zoom_width=&#8220;0&#8243; zoom_height=&#8220;0&#8243; width=&#8220;1\/1&#8243;][vc_column_text uncode_shortcode_id=&#8220;755578&#8243;]Am Wochenende vom 27.\/29. M\u00e4rz hast du die Gelegenheit, die Stern- P- oder OP-Etappe abzulegen.<\/p>\n<p>Bitte beachte, dass sich die Anforderungen von Jahr zu Jahr leicht ver\u00e4ndern k\u00f6nnen.<\/p>\n<p>Bei Fragen kannst du dich per\u00a0<a href=\"mailto:cara@general-dufour.ch\">E-Mail<\/a> an Tamara M\u00fcller v\/o Cara wenden.<\/p>\n<p>[\/vc_column_text][uncode_list uncode_shortcode_id=&#8220;119660&#8243;]<\/p>\n<ul class=\"list-arrow arrow-red\">\n<li>Anforderung\u00a0<a href=\"https:\/\/general-dufour.ch\/wp-content\/uploads\/2026\/01\/Anforderung_Stern2026.pdf\" target=\"_blank\" rel=\"noopener noreferrer\">Stern-Etappe<\/a><\/li>\n<li>Anforderungen\u00a0<a href=\"https:\/\/general-dufour.ch\/wp-content\/uploads\/2026\/01\/Anforderungen_P2026.pdf\" target=\"_blank\" rel=\"noopener noreferrer\">P-Etappe<\/a><\/li>\n<li>Anforderungen\u00a0<a href=\"https:\/\/general-dufour.ch\/wp-content\/uploads\/2026\/01\/Anforderungen_OP2026.pdf\" target=\"_blank\" rel=\"noopener noreferrer\">OP-Etappe<\/a><\/li>\n<li><a href=\"https:\/\/general-dufour.ch\/wp-content\/uploads\/2024\/03\/Kartensymbole.pdf\" target=\"_blank\" rel=\"noopener\">Kartensymbole<\/a><\/li>\n<li><a href=\"https:\/\/general-dufour.ch\/wp-content\/uploads\/2022\/12\/Theorieblatt-Seil.pdf\" target=\"_blank\" rel=\"noopener noreferrer\">Theorieblatt Seil<\/a><\/li>\n<li><a href=\"https:\/\/general-dufour.ch\/wp-content\/uploads\/2022\/12\/Merkblatt-ABCDE.pdf\">Merkblatt ABCDE<\/a><\/li>\n<\/ul>\n<p>[\/uncode_list][\/vc_column][\/vc_row]<\/p>\n<\/div>","protected":false},"excerpt":{"rendered":"<p>27. M\u00e4rz &#8211; 29. M\u00e4rz 2026<br \/>\nHauslager<br \/>\n7-17 J\u00e4hrige<\/p>\n","protected":false},"author":6,"featured_media":82974,"parent":43938,"menu_order":0,"comment_status":"closed","ping_status":"closed","template":"","meta":{"footnotes":""},"class_list":["post-83404","page","type-page","status-publish","has-post-thumbnail","hentry","page_category-classic"],"yoast_head":"<!-- This site is optimized with the Yoast SEO plugin v26.3 - https:\/\/yoast.com\/wordpress\/plugins\/seo\/ -->\n<title>Etappenweekend 2026 | http Pfadi General Dufour RJ<\/title>\n<meta name=\"robots\" content=\"index, follow, max-snippet:-1, max-image-preview:large, max-video-preview:-1\" \/>\n<link rel=\"canonical\" href=\"https:\/\/general-dufour.ch\/?page_id=83404\" \/>\n<meta property=\"og:locale\" content=\"de_DE\" \/>\n<meta property=\"og:type\" content=\"article\" \/>\n<meta property=\"og:title\" content=\"Etappenweekend 2026 | http Pfadi General Dufour RJ\" \/>\n<meta property=\"og:description\" content=\"27. M\u00e4rz - 29. M\u00e4rz 2026 Hauslager 7-17 J\u00e4hrige\" \/>\n<meta property=\"og:url\" content=\"https:\/\/general-dufour.ch\/?page_id=83404\" \/>\n<meta property=\"og:site_name\" content=\"http Pfadi General Dufour RJ\" \/>\n<meta property=\"article:publisher\" content=\"https:\/\/www.facebook.com\/general.dufour\/?ref=aymt_homepage_panel&amp;amp%3bamp%3bamp%3bamp%3bamp%3bamp%3bamp%3bamp%3bamp%3bamp%3bamp%3bamp%3beid=ARB-WwqDYthM8sAmsyTX3BEy0ozF-k7wZt4qTAvz7la_joMe0lJIdsAjV9kmQ_YP6f4LEb4u6qEp4RX5\" \/>\n<meta property=\"article:modified_time\" content=\"2026-01-18T15:26:31+00:00\" \/>\n<meta property=\"og:image\" content=\"https:\/\/general-dufour.ch\/wp-content\/uploads\/2020\/01\/DSCF4278-scaled.jpg\" \/>\n\t<meta property=\"og:image:width\" content=\"2560\" \/>\n\t<meta property=\"og:image:height\" content=\"1707\" \/>\n\t<meta property=\"og:image:type\" content=\"image\/jpeg\" \/>\n<meta name=\"twitter:card\" content=\"summary_large_image\" \/>\n<meta name=\"twitter:label1\" content=\"Gesch\u00e4tzte Lesezeit\" \/>\n\t<meta name=\"twitter:data1\" content=\"1\u00a0Minute\" \/>\n<script type=\"application\/ld+json\" class=\"yoast-schema-graph\">{\"@context\":\"https:\/\/schema.org\",\"@graph\":[{\"@type\":\"WebPage\",\"@id\":\"https:\/\/general-dufour.ch\/?page_id=83404\",\"url\":\"https:\/\/general-dufour.ch\/?page_id=83404\",\"name\":\"Etappenweekend 2026 | http Pfadi General Dufour RJ\",\"isPartOf\":{\"@id\":\"https:\/\/general-dufour.ch\/#website\"},\"primaryImageOfPage\":{\"@id\":\"https:\/\/general-dufour.ch\/?page_id=83404#primaryimage\"},\"image\":{\"@id\":\"https:\/\/general-dufour.ch\/?page_id=83404#primaryimage\"},\"thumbnailUrl\":\"https:\/\/general-dufour.ch\/wp-content\/uploads\/2020\/01\/DSCF4278-scaled.jpg\",\"datePublished\":\"2020-01-20T12:54:42+00:00\",\"dateModified\":\"2026-01-18T15:26:31+00:00\",\"breadcrumb\":{\"@id\":\"https:\/\/general-dufour.ch\/?page_id=83404#breadcrumb\"},\"inLanguage\":\"de\",\"potentialAction\":[{\"@type\":\"ReadAction\",\"target\":[\"https:\/\/general-dufour.ch\/?page_id=83404\"]}]},{\"@type\":\"ImageObject\",\"inLanguage\":\"de\",\"@id\":\"https:\/\/general-dufour.ch\/?page_id=83404#primaryimage\",\"url\":\"https:\/\/general-dufour.ch\/wp-content\/uploads\/2020\/01\/DSCF4278-scaled.jpg\",\"contentUrl\":\"https:\/\/general-dufour.ch\/wp-content\/uploads\/2020\/01\/DSCF4278-scaled.jpg\",\"width\":2560,\"height\":1707},{\"@type\":\"BreadcrumbList\",\"@id\":\"https:\/\/general-dufour.ch\/?page_id=83404#breadcrumb\",\"itemListElement\":[{\"@type\":\"ListItem\",\"position\":1,\"name\":\"Startseite\",\"item\":\"https:\/\/general-dufour.ch\/\"},{\"@type\":\"ListItem\",\"position\":2,\"name\":\"Homepages\",\"item\":\"https:\/\/general-dufour.ch\/?page_id=43938\"},{\"@type\":\"ListItem\",\"position\":3,\"name\":\"Etappenweekend 2026\"}]},{\"@type\":\"WebSite\",\"@id\":\"https:\/\/general-dufour.ch\/#website\",\"url\":\"https:\/\/general-dufour.ch\/\",\"name\":\"Pfadi General Dufour RJ\",\"description\":\"Pfadi Rapperswil Jona\",\"publisher\":{\"@id\":\"https:\/\/general-dufour.ch\/#organization\"},\"potentialAction\":[{\"@type\":\"SearchAction\",\"target\":{\"@type\":\"EntryPoint\",\"urlTemplate\":\"https:\/\/general-dufour.ch\/?s={search_term_string}\"},\"query-input\":{\"@type\":\"PropertyValueSpecification\",\"valueRequired\":true,\"valueName\":\"search_term_string\"}}],\"inLanguage\":\"de\"},{\"@type\":\"Organization\",\"@id\":\"https:\/\/general-dufour.ch\/#organization\",\"name\":\"Pfadi General Dufour\",\"url\":\"https:\/\/general-dufour.ch\/\",\"logo\":{\"@type\":\"ImageObject\",\"inLanguage\":\"de\",\"@id\":\"https:\/\/general-dufour.ch\/#\/schema\/logo\/image\/\",\"url\":\"https:\/\/general-dufour.ch\/wp-content\/uploads\/2020\/02\/logo_black.png\",\"contentUrl\":\"https:\/\/general-dufour.ch\/wp-content\/uploads\/2020\/02\/logo_black.png\",\"width\":500,\"height\":502,\"caption\":\"Pfadi General Dufour\"},\"image\":{\"@id\":\"https:\/\/general-dufour.ch\/#\/schema\/logo\/image\/\"},\"sameAs\":[\"https:\/\/www.facebook.com\/general.dufour\/?ref=aymt_homepage_panel&amp;amp;amp;amp;amp;amp;amp;amp;amp;amp;amp;amp;eid=ARB-WwqDYthM8sAmsyTX3BEy0ozF-k7wZt4qTAvz7la_joMe0lJIdsAjV9kmQ_YP6f4LEb4u6qEp4RX5\",\"https:\/\/www.instagram.com\/pfadigeneraldufour\/\",\"https:\/\/www.youtube.com\/channel\/UCwKD56wvOZoiaK6t5NzEBRQ\"]}]}<\/script>\n<!-- \/ Yoast SEO plugin. -->","yoast_head_json":{"title":"Etappenweekend 2026 | http Pfadi General Dufour RJ","robots":{"index":"index","follow":"follow","max-snippet":"max-snippet:-1","max-image-preview":"max-image-preview:large","max-video-preview":"max-video-preview:-1"},"canonical":"https:\/\/general-dufour.ch\/?page_id=83404","og_locale":"de_DE","og_type":"article","og_title":"Etappenweekend 2026 | http Pfadi General Dufour RJ","og_description":"27. M\u00e4rz - 29. M\u00e4rz 2026 Hauslager 7-17 J\u00e4hrige","og_url":"https:\/\/general-dufour.ch\/?page_id=83404","og_site_name":"http Pfadi General Dufour RJ","article_publisher":"https:\/\/www.facebook.com\/general.dufour\/?ref=aymt_homepage_panel&amp%3bamp%3bamp%3bamp%3bamp%3bamp%3bamp%3bamp%3bamp%3bamp%3bamp%3bamp%3beid=ARB-WwqDYthM8sAmsyTX3BEy0ozF-k7wZt4qTAvz7la_joMe0lJIdsAjV9kmQ_YP6f4LEb4u6qEp4RX5","article_modified_time":"2026-01-18T15:26:31+00:00","og_image":[{"width":2560,"height":1707,"url":"https:\/\/general-dufour.ch\/wp-content\/uploads\/2020\/01\/DSCF4278-scaled.jpg","type":"image\/jpeg"}],"twitter_card":"summary_large_image","twitter_misc":{"Gesch\u00e4tzte Lesezeit":"1\u00a0Minute"},"schema":{"@context":"https:\/\/schema.org","@graph":[{"@type":"WebPage","@id":"https:\/\/general-dufour.ch\/?page_id=83404","url":"https:\/\/general-dufour.ch\/?page_id=83404","name":"Etappenweekend 2026 | http Pfadi General Dufour RJ","isPartOf":{"@id":"https:\/\/general-dufour.ch\/#website"},"primaryImageOfPage":{"@id":"https:\/\/general-dufour.ch\/?page_id=83404#primaryimage"},"image":{"@id":"https:\/\/general-dufour.ch\/?page_id=83404#primaryimage"},"thumbnailUrl":"https:\/\/general-dufour.ch\/wp-content\/uploads\/2020\/01\/DSCF4278-scaled.jpg","datePublished":"2020-01-20T12:54:42+00:00","dateModified":"2026-01-18T15:26:31+00:00","breadcrumb":{"@id":"https:\/\/general-dufour.ch\/?page_id=83404#breadcrumb"},"inLanguage":"de","potentialAction":[{"@type":"ReadAction","target":["https:\/\/general-dufour.ch\/?page_id=83404"]}]},{"@type":"ImageObject","inLanguage":"de","@id":"https:\/\/general-dufour.ch\/?page_id=83404#primaryimage","url":"https:\/\/general-dufour.ch\/wp-content\/uploads\/2020\/01\/DSCF4278-scaled.jpg","contentUrl":"https:\/\/general-dufour.ch\/wp-content\/uploads\/2020\/01\/DSCF4278-scaled.jpg","width":2560,"height":1707},{"@type":"BreadcrumbList","@id":"https:\/\/general-dufour.ch\/?page_id=83404#breadcrumb","itemListElement":[{"@type":"ListItem","position":1,"name":"Startseite","item":"https:\/\/general-dufour.ch\/"},{"@type":"ListItem","position":2,"name":"Homepages","item":"https:\/\/general-dufour.ch\/?page_id=43938"},{"@type":"ListItem","position":3,"name":"Etappenweekend 2026"}]},{"@type":"WebSite","@id":"https:\/\/general-dufour.ch\/#website","url":"https:\/\/general-dufour.ch\/","name":"Pfadi General Dufour RJ","description":"Pfadi Rapperswil Jona","publisher":{"@id":"https:\/\/general-dufour.ch\/#organization"},"potentialAction":[{"@type":"SearchAction","target":{"@type":"EntryPoint","urlTemplate":"https:\/\/general-dufour.ch\/?s={search_term_string}"},"query-input":{"@type":"PropertyValueSpecification","valueRequired":true,"valueName":"search_term_string"}}],"inLanguage":"de"},{"@type":"Organization","@id":"https:\/\/general-dufour.ch\/#organization","name":"Pfadi General Dufour","url":"https:\/\/general-dufour.ch\/","logo":{"@type":"ImageObject","inLanguage":"de","@id":"https:\/\/general-dufour.ch\/#\/schema\/logo\/image\/","url":"https:\/\/general-dufour.ch\/wp-content\/uploads\/2020\/02\/logo_black.png","contentUrl":"https:\/\/general-dufour.ch\/wp-content\/uploads\/2020\/02\/logo_black.png","width":500,"height":502,"caption":"Pfadi General Dufour"},"image":{"@id":"https:\/\/general-dufour.ch\/#\/schema\/logo\/image\/"},"sameAs":["https:\/\/www.facebook.com\/general.dufour\/?ref=aymt_homepage_panel&amp;amp;amp;amp;amp;amp;amp;amp;amp;amp;amp;amp;eid=ARB-WwqDYthM8sAmsyTX3BEy0ozF-k7wZt4qTAvz7la_joMe0lJIdsAjV9kmQ_YP6f4LEb4u6qEp4RX5","https:\/\/www.instagram.com\/pfadigeneraldufour\/","https:\/\/www.youtube.com\/channel\/UCwKD56wvOZoiaK6t5NzEBRQ"]}]}},"_links":{"self":[{"href":"https:\/\/general-dufour.ch\/index.php?rest_route=\/wp\/v2\/pages\/83404","targetHints":{"allow":["GET"]}}],"collection":[{"href":"https:\/\/general-dufour.ch\/index.php?rest_route=\/wp\/v2\/pages"}],"about":[{"href":"https:\/\/general-dufour.ch\/index.php?rest_route=\/wp\/v2\/types\/page"}],"author":[{"embeddable":true,"href":"https:\/\/general-dufour.ch\/index.php?rest_route=\/wp\/v2\/users\/6"}],"replies":[{"embeddable":true,"href":"https:\/\/general-dufour.ch\/index.php?rest_route=%2Fwp%2Fv2%2Fcomments&post=83404"}],"version-history":[{"count":36,"href":"https:\/\/general-dufour.ch\/index.php?rest_route=\/wp\/v2\/pages\/83404\/revisions"}],"predecessor-version":[{"id":84446,"href":"https:\/\/general-dufour.ch\/index.php?rest_route=\/wp\/v2\/pages\/83404\/revisions\/84446"}],"up":[{"embeddable":true,"href":"https:\/\/general-dufour.ch\/index.php?rest_route=\/wp\/v2\/pages\/43938"}],"wp:featuredmedia":[{"embeddable":true,"href":"https:\/\/general-dufour.ch\/index.php?rest_route=\/wp\/v2\/media\/82974"}],"wp:attachment":[{"href":"https:\/\/general-dufour.ch\/index.php?rest_route=%2Fwp%2Fv2%2Fmedia&parent=83404"}],"curies":[{"name":"wp","href":"https:\/\/api.w.org\/{rel}","templated":true}]}}